{"id":36,"date":"2021-09-02T18:10:04","date_gmt":"2021-09-02T21:10:04","guid":{"rendered":"http:\/\/abrattec.com.br\/portal\/?page_id=36"},"modified":"2021-09-23T10:13:32","modified_gmt":"2021-09-23T13:13:32","slug":"conteudo-restrito","status":"publish","type":"page","link":"http:\/\/abrattec.com.br\/portal\/conteudo-restrito\/","title":{"rendered":"Conte\u00fado restrito"},"content":{"rendered":"\t\t<div data-elementor-type=\"wp-page\" data-elementor-id=\"36\" class=\"elementor elementor-36\" data-elementor-post-type=\"page\">\n\t\t\t\t\t\t<section class=\"dce-visibility-event elementor-section elementor-top-section elementor-element elementor-element-2ca8983 elementor-section-boxed elementor-section-height-default elementor-section-height-default\" data-id=\"2ca8983\" data-element_type=\"section\" data-e-type=\"section\" data-settings=\"{&quot;enabled_visibility&quot;:&quot;yes&quot;,&quot;dce_visibility_selected&quot;:&quot;yes&quot;}\">\n\t\t\t\t\t\t<div class=\"elementor-container elementor-column-gap-default\">\n\t\t\t\t\t<div class=\"elementor-column elementor-col-100 elementor-top-column elementor-element elementor-element-d074a3e\" data-id=\"d074a3e\" data-element_type=\"column\" data-e-type=\"column\">\n\t\t\t<div class=\"elementor-widget-wrap elementor-element-populated\">\n\t\t\t\t\t\t<div class=\"elementor-element elementor-element-2603e15 elementor-widget elementor-widget-image\" data-id=\"2603e15\" data-element_type=\"widget\" data-e-type=\"widget\" data-widget_type=\"image.default\">\n\t\t\t\t<div class=\"elementor-widget-container\">\n\t\t\t\t\t\t\t\t\t\t\t\t\t\t\t<img fetchpriority=\"high\" decoding=\"async\" width=\"300\" height=\"246\" src=\"http:\/\/abrattec.com.br\/portal\/wp-content\/uploads\/2021\/09\/icone-300x246.png\" class=\"attachment-medium size-medium wp-image-23\" alt=\"\" srcset=\"http:\/\/abrattec.com.br\/portal\/wp-content\/uploads\/2021\/09\/icone-300x246.png 300w, http:\/\/abrattec.com.br\/portal\/wp-content\/uploads\/2021\/09\/icone.png 680w\" sizes=\"(max-width: 300px) 100vw, 300px\" \/>\t\t\t\t\t\t\t\t\t\t\t\t\t\t\t<\/div>\n\t\t\t\t<\/div>\n\t\t\t\t<div class=\"elementor-element elementor-element-4031b10 elementor-widget elementor-widget-heading\" data-id=\"4031b10\" data-element_type=\"widget\" data-e-type=\"widget\" data-widget_type=\"heading.default\">\n\t\t\t\t<div class=\"elementor-widget-container\">\n\t\t\t\t\t<h2 class=\"elementor-heading-title elementor-size-default\">Este conte\u00fado \u00e9 exclusivo para associados<\/h2>\t\t\t\t<\/div>\n\t\t\t\t<\/div>\n\t\t\t\t<div class=\"elementor-element elementor-element-b245aad elementor-widget elementor-widget-heading\" data-id=\"b245aad\" data-element_type=\"widget\" data-e-type=\"widget\" data-widget_type=\"heading.default\">\n\t\t\t\t<div class=\"elementor-widget-container\">\n\t\t\t\t\t<h2 class=\"elementor-heading-title elementor-size-default\">Voc\u00ea precisa acessar com sua conta de associado para ter acesso a este conte\u00fado<\/h2>\t\t\t\t<\/div>\n\t\t\t\t<\/div>\n\t\t\t\t<section class=\"elementor-section elementor-inner-section elementor-element elementor-element-4aa67df elementor-section-boxed elementor-section-height-default elementor-section-height-default\" data-id=\"4aa67df\" data-element_type=\"section\" data-e-type=\"section\">\n\t\t\t\t\t\t<div class=\"elementor-container elementor-column-gap-default\">\n\t\t\t\t\t<div class=\"elementor-column elementor-col-50 elementor-inner-column elementor-element elementor-element-6709c7f\" data-id=\"6709c7f\" data-element_type=\"column\" data-e-type=\"column\">\n\t\t\t<div class=\"elementor-widget-wrap elementor-element-populated\">\n\t\t\t\t\t\t<div class=\"elementor-element elementor-element-b3bd3cb elementor-widget elementor-widget-heading\" data-id=\"b3bd3cb\" data-element_type=\"widget\" data-e-type=\"widget\" data-widget_type=\"heading.default\">\n\t\t\t\t<div class=\"elementor-widget-container\">\n\t\t\t\t\t<h2 class=\"elementor-heading-title elementor-size-default\">J\u00e1 \u00e9 associado?<\/h2>\t\t\t\t<\/div>\n\t\t\t\t<\/div>\n\t\t\t\t<div class=\"elementor-element elementor-element-c3d3950 elementor-align-right elementor-mobile-align-center elementor-widget elementor-widget-button\" data-id=\"c3d3950\" data-element_type=\"widget\" data-e-type=\"widget\" data-widget_type=\"button.default\">\n\t\t\t\t<div class=\"elementor-widget-container\">\n\t\t\t\t\t\t\t\t\t<div class=\"elementor-button-wrapper\">\n\t\t\t\t\t<a class=\"elementor-button elementor-button-link elementor-size-sm\" href=\"http:\/\/abrattec.com.br\/portal\/wp-admin\/\">\n\t\t\t\t\t\t<span class=\"elementor-button-content-wrapper\">\n\t\t\t\t\t\t\t\t\t<span class=\"elementor-button-text\">Acessar minha conta<\/span>\n\t\t\t\t\t<\/span>\n\t\t\t\t\t<\/a>\n\t\t\t\t<\/div>\n\t\t\t\t\t\t\t\t<\/div>\n\t\t\t\t<\/div>\n\t\t\t\t\t<\/div>\n\t\t<\/div>\n\t\t\t\t<div class=\"elementor-column elementor-col-50 elementor-inner-column elementor-element elementor-element-d087f5f\" data-id=\"d087f5f\" data-element_type=\"column\" data-e-type=\"column\">\n\t\t\t<div class=\"elementor-widget-wrap elementor-element-populated\">\n\t\t\t\t\t\t<div class=\"elementor-element elementor-element-671997c elementor-widget elementor-widget-heading\" data-id=\"671997c\" data-element_type=\"widget\" data-e-type=\"widget\" data-widget_type=\"heading.default\">\n\t\t\t\t<div class=\"elementor-widget-container\">\n\t\t\t\t\t<h2 class=\"elementor-heading-title elementor-size-default\">Ou Associe-se<\/h2>\t\t\t\t<\/div>\n\t\t\t\t<\/div>\n\t\t\t\t<div class=\"elementor-element elementor-element-2451634 elementor-align-left elementor-mobile-align-center elementor-widget elementor-widget-button\" data-id=\"2451634\" data-element_type=\"widget\" data-e-type=\"widget\" data-widget_type=\"button.default\">\n\t\t\t\t<div class=\"elementor-widget-container\">\n\t\t\t\t\t\t\t\t\t<div class=\"elementor-button-wrapper\">\n\t\t\t\t\t<a class=\"elementor-button elementor-button-link elementor-size-sm\" href=\"http:\/\/abrattec.com.br\/portal\/associar\/\">\n\t\t\t\t\t\t<span class=\"elementor-button-content-wrapper\">\n\t\t\t\t\t\t\t\t\t<span class=\"elementor-button-text\">Associar-me<\/span>\n\t\t\t\t\t<\/span>\n\t\t\t\t\t<\/a>\n\t\t\t\t<\/div>\n\t\t\t\t\t\t\t\t<\/div>\n\t\t\t\t<\/div>\n\t\t\t\t\t<\/div>\n\t\t<\/div>\n\t\t\t\t\t<\/div>\n\t\t<\/section>\n\t\t\t\t\t<\/div>\n\t\t<\/div>\n\t\t\t\t\t<\/div>\n\t\t<\/section>\n\t\t<!-- dce invisible element daac3f4 -->\t\t<\/div>\n\t\t","protected":false},"excerpt":{"rendered":"<p>Este conte\u00fado \u00e9 exclusivo para associados Voc\u00ea precisa acessar com sua conta de associado para ter acesso a este conte\u00fado J\u00e1 \u00e9 associado? Acessar minha conta Ou Associe-se Associar-me Voc\u00ea \u00e9 associado estudante!Para acessar este conte\u00fado fa\u00e7a associa\u00e7\u00e3o premium! Renove sua assinatura ou fa\u00e7a um upgrade do seu plano para ter acesso ao seu conte\u00fado. &#8230; <a title=\"Conte\u00fado restrito\" class=\"read-more\" href=\"http:\/\/abrattec.com.br\/portal\/conteudo-restrito\/\" aria-label=\"Read more about Conte\u00fado restrito\">Ler mais<\/a><\/p>\n","protected":false},"author":1,"featured_media":0,"parent":0,"menu_order":0,"comment_status":"closed","ping_status":"closed","template":"elementor_header_footer","meta":{"footnotes":""},"class_list":["post-36","page","type-page","status-publish"],"_links":{"self":[{"href":"http:\/\/abrattec.com.br\/portal\/wp-json\/wp\/v2\/pages\/36","targetHints":{"allow":["GET"]}}],"collection":[{"href":"http:\/\/abrattec.com.br\/portal\/wp-json\/wp\/v2\/pages"}],"about":[{"href":"http:\/\/abrattec.com.br\/portal\/wp-json\/wp\/v2\/types\/page"}],"author":[{"embeddable":true,"href":"http:\/\/abrattec.com.br\/portal\/wp-json\/wp\/v2\/users\/1"}],"replies":[{"embeddable":true,"href":"http:\/\/abrattec.com.br\/portal\/wp-json\/wp\/v2\/comments?post=36"}],"version-history":[{"count":25,"href":"http:\/\/abrattec.com.br\/portal\/wp-json\/wp\/v2\/pages\/36\/revisions"}],"predecessor-version":[{"id":718,"href":"http:\/\/abrattec.com.br\/portal\/wp-json\/wp\/v2\/pages\/36\/revisions\/718"}],"wp:attachment":[{"href":"http:\/\/abrattec.com.br\/portal\/wp-json\/wp\/v2\/media?parent=36"}],"curies":[{"name":"wp","href":"https:\/\/api.w.org\/{rel}","templated":true}]}}