{"id":518,"date":"2021-09-21T10:28:41","date_gmt":"2021-09-21T13:28:41","guid":{"rendered":"http:\/\/abrattec.com.br\/portal\/?page_id=518"},"modified":"2021-09-21T10:48:44","modified_gmt":"2021-09-21T13:48:44","slug":"livros","status":"publish","type":"page","link":"http:\/\/abrattec.com.br\/portal\/livros\/","title":{"rendered":"Livros"},"content":{"rendered":"<p>Livros Livros PLANTAS MEDICINAIS Se preferir, clique para fazer o&hellip;<\/p>\n<p>Voc\u00ea precisa estar logado para ver este conte\u00fado.<\/p>\n","protected":false},"excerpt":{"rendered":"<p>Livros Confira os outros conte\u00fados V\u00eddeoaulas Artigos Voc\u00ea precisa estar logado para ver este conte\u00fado.<\/p>\n","protected":false},"author":1,"featured_media":0,"parent":0,"menu_order":0,"comment_status":"closed","ping_status":"closed","template":"elementor_header_footer","meta":{"footnotes":""},"class_list":["post-518","page","type-page","status-publish","hentry"],"_links":{"self":[{"href":"http:\/\/abrattec.com.br\/portal\/wp-json\/wp\/v2\/pages\/518","targetHints":{"allow":["GET"]}}],"collection":[{"href":"http:\/\/abrattec.com.br\/portal\/wp-json\/wp\/v2\/pages"}],"about":[{"href":"http:\/\/abrattec.com.br\/portal\/wp-json\/wp\/v2\/types\/page"}],"author":[{"embeddable":true,"href":"http:\/\/abrattec.com.br\/portal\/wp-json\/wp\/v2\/users\/1"}],"replies":[{"embeddable":true,"href":"http:\/\/abrattec.com.br\/portal\/wp-json\/wp\/v2\/comments?post=518"}],"version-history":[{"count":7,"href":"http:\/\/abrattec.com.br\/portal\/wp-json\/wp\/v2\/pages\/518\/revisions"}],"predecessor-version":[{"id":549,"href":"http:\/\/abrattec.com.br\/portal\/wp-json\/wp\/v2\/pages\/518\/revisions\/549"}],"wp:attachment":[{"href":"http:\/\/abrattec.com.br\/portal\/wp-json\/wp\/v2\/media?parent=518"}],"curies":[{"name":"wp","href":"https:\/\/api.w.org\/{rel}","templated":true}]}}