{"id":528,"date":"2021-09-21T10:40:52","date_gmt":"2021-09-21T13:40:52","guid":{"rendered":"http:\/\/abrattec.com.br\/portal\/?page_id=528"},"modified":"2021-09-21T10:48:32","modified_gmt":"2021-09-21T13:48:32","slug":"artigos","status":"publish","type":"page","link":"https:\/\/abrattec.com.br\/portal\/artigos\/","title":{"rendered":"Artigos"},"content":{"rendered":"<p>Artigos cient\u00edficos RELA\u00c7\u00c3O MICROBIOTA INTESTINAL E PELE SAUD\u00c1VEL: UMA REVIS\u00c3O&hellip;<\/p>\n<p>Voc\u00ea precisa estar logado para ver este conte\u00fado.<\/p>\n","protected":false},"excerpt":{"rendered":"<p>Artigos cient\u00edficos Confira os outros conte\u00fados V\u00eddeoaulas Livros Voc\u00ea precisa estar logado para ver este conte\u00fado.<\/p>\n","protected":false},"author":1,"featured_media":0,"parent":0,"menu_order":0,"comment_status":"closed","ping_status":"closed","template":"elementor_header_footer","meta":{"footnotes":""},"class_list":["post-528","page","type-page","status-publish","hentry"],"_links":{"self":[{"href":"https:\/\/abrattec.com.br\/portal\/wp-json\/wp\/v2\/pages\/528","targetHints":{"allow":["GET"]}}],"collection":[{"href":"https:\/\/abrattec.com.br\/portal\/wp-json\/wp\/v2\/pages"}],"about":[{"href":"https:\/\/abrattec.com.br\/portal\/wp-json\/wp\/v2\/types\/page"}],"author":[{"embeddable":true,"href":"https:\/\/abrattec.com.br\/portal\/wp-json\/wp\/v2\/users\/1"}],"replies":[{"embeddable":true,"href":"https:\/\/abrattec.com.br\/portal\/wp-json\/wp\/v2\/comments?post=528"}],"version-history":[{"count":13,"href":"https:\/\/abrattec.com.br\/portal\/wp-json\/wp\/v2\/pages\/528\/revisions"}],"predecessor-version":[{"id":546,"href":"https:\/\/abrattec.com.br\/portal\/wp-json\/wp\/v2\/pages\/528\/revisions\/546"}],"wp:attachment":[{"href":"https:\/\/abrattec.com.br\/portal\/wp-json\/wp\/v2\/media?parent=528"}],"curies":[{"name":"wp","href":"https:\/\/api.w.org\/{rel}","templated":true}]}}